{"id":2035,"date":"2020-07-31T15:17:35","date_gmt":"2020-07-31T13:17:35","guid":{"rendered":"https:\/\/ofiwebemporda.com\/botiga\/"},"modified":"2020-09-18T16:03:45","modified_gmt":"2020-09-18T14:03:45","slug":"botiga","status":"publish","type":"page","link":"https:\/\/ofiwebemporda.com\/ca\/botiga\/","title":{"rendered":"Botiga"},"content":{"rendered":"","protected":false},"excerpt":{"rendered":"","protected":false},"author":1,"featured_media":0,"parent":0,"menu_order":0,"comment_status":"closed","ping_status":"closed","template":"","meta":{"footnotes":""},"class_list":["post-2035","page","type-page","status-publish"],"yoast_head":"<!-- This site is optimized with the Yoast SEO plugin v27.5 - https:\/\/yoast.com\/product\/yoast-seo-wordpress\/ -->\n<title>Botiga - Ofi-Web Empord\u00e0<\/title>\n<meta name=\"description\" content=\"Empresa de Figueres dedicada a la productividad y rentabilidad empresarial, creamos p\u00e1ginas web, tiendas online, ofrecemos programas de gesti\u00f3n y seguridad.\" \/>\n<meta name=\"robots\" content=\"index, follow, max-snippet:-1, max-image-preview:large, max-video-preview:-1\" \/>\n<link rel=\"canonical\" href=\"https:\/\/ofiwebemporda.com\/ca\/botiga\/\" \/>\n<meta property=\"og:locale\" content=\"ca_ES\" \/>\n<meta property=\"og:type\" content=\"article\" \/>\n<meta property=\"og:title\" content=\"Botiga - Ofi-Web Empord\u00e0\" \/>\n<meta property=\"og:description\" content=\"Empresa de Figueres dedicada a la productividad y rentabilidad empresarial, creamos p\u00e1ginas web, tiendas online, ofrecemos programas de gesti\u00f3n y seguridad.\" \/>\n<meta property=\"og:url\" content=\"https:\/\/ofiwebemporda.com\/ca\/botiga\/\" \/>\n<meta property=\"og:site_name\" content=\"Ofi-Web Empord\u00e0\" \/>\n<meta property=\"article:modified_time\" content=\"2020-09-18T14:03:45+00:00\" \/>\n<meta name=\"twitter:card\" content=\"summary_large_image\" \/>\n<script type=\"application\/ld+json\" class=\"yoast-schema-graph\">{\"@context\":\"https:\\\/\\\/schema.org\",\"@graph\":[{\"@type\":\"WebPage\",\"@id\":\"https:\\\/\\\/ofiwebemporda.com\\\/ca\\\/botiga\\\/\",\"url\":\"https:\\\/\\\/ofiwebemporda.com\\\/ca\\\/botiga\\\/\",\"name\":\"Botiga - Ofi-Web Empord\u00e0\",\"isPartOf\":{\"@id\":\"https:\\\/\\\/grey-okapi-232881.hostingersite.com\\\/#website\"},\"datePublished\":\"2020-07-31T13:17:35+00:00\",\"dateModified\":\"2020-09-18T14:03:45+00:00\",\"description\":\"Empresa de Figueres dedicada a la productividad y rentabilidad empresarial, creamos p\u00e1ginas web, tiendas online, ofrecemos programas de gesti\u00f3n y seguridad.\",\"breadcrumb\":{\"@id\":\"https:\\\/\\\/ofiwebemporda.com\\\/ca\\\/botiga\\\/#breadcrumb\"},\"inLanguage\":\"ca\",\"potentialAction\":[{\"@type\":\"ReadAction\",\"target\":[\"https:\\\/\\\/ofiwebemporda.com\\\/ca\\\/botiga\\\/\"]}]},{\"@type\":\"BreadcrumbList\",\"@id\":\"https:\\\/\\\/ofiwebemporda.com\\\/ca\\\/botiga\\\/#breadcrumb\",\"itemListElement\":[{\"@type\":\"ListItem\",\"position\":1,\"name\":\"Portada\",\"item\":\"https:\\\/\\\/grey-okapi-232881.hostingersite.com\\\/ca\\\/\"},{\"@type\":\"ListItem\",\"position\":2,\"name\":\"Botiga\"}]},{\"@type\":\"WebSite\",\"@id\":\"https:\\\/\\\/grey-okapi-232881.hostingersite.com\\\/#website\",\"url\":\"https:\\\/\\\/grey-okapi-232881.hostingersite.com\\\/\",\"name\":\"Ofi-Web Empord\u00e0\",\"description\":\"rentabilidad empresarial, distrito k, office 365, exchange, inform\u00e1tica 3, dise\u00f1o web, tiendas online, acronis, azure\",\"publisher\":{\"@id\":\"https:\\\/\\\/grey-okapi-232881.hostingersite.com\\\/#organization\"},\"potentialAction\":[{\"@type\":\"SearchAction\",\"target\":{\"@type\":\"EntryPoint\",\"urlTemplate\":\"https:\\\/\\\/grey-okapi-232881.hostingersite.com\\\/?s={search_term_string}\"},\"query-input\":{\"@type\":\"PropertyValueSpecification\",\"valueRequired\":true,\"valueName\":\"search_term_string\"}}],\"inLanguage\":\"ca\"},{\"@type\":\"Organization\",\"@id\":\"https:\\\/\\\/grey-okapi-232881.hostingersite.com\\\/#organization\",\"name\":\"Ofi-Web Empord\u00e0\",\"url\":\"https:\\\/\\\/grey-okapi-232881.hostingersite.com\\\/\",\"logo\":{\"@type\":\"ImageObject\",\"inLanguage\":\"ca\",\"@id\":\"https:\\\/\\\/grey-okapi-232881.hostingersite.com\\\/#\\\/schema\\\/logo\\\/image\\\/\",\"url\":\"https:\\\/\\\/ofiwebemporda.com\\\/wp-content\\\/uploads\\\/2019\\\/09\\\/logo-ofiweb-blau2.png\",\"contentUrl\":\"https:\\\/\\\/ofiwebemporda.com\\\/wp-content\\\/uploads\\\/2019\\\/09\\\/logo-ofiweb-blau2.png\",\"width\":433,\"height\":176,\"caption\":\"Ofi-Web Empord\u00e0\"},\"image\":{\"@id\":\"https:\\\/\\\/grey-okapi-232881.hostingersite.com\\\/#\\\/schema\\\/logo\\\/image\\\/\"}}]}<\/script>\n<!-- \/ Yoast SEO plugin. -->","yoast_head_json":{"title":"Botiga - Ofi-Web Empord\u00e0","description":"Empresa de Figueres dedicada a la productividad y rentabilidad empresarial, creamos p\u00e1ginas web, tiendas online, ofrecemos programas de gesti\u00f3n y seguridad.","robots":{"index":"index","follow":"follow","max-snippet":"max-snippet:-1","max-image-preview":"max-image-preview:large","max-video-preview":"max-video-preview:-1"},"canonical":"https:\/\/ofiwebemporda.com\/ca\/botiga\/","og_locale":"ca_ES","og_type":"article","og_title":"Botiga - Ofi-Web Empord\u00e0","og_description":"Empresa de Figueres dedicada a la productividad y rentabilidad empresarial, creamos p\u00e1ginas web, tiendas online, ofrecemos programas de gesti\u00f3n y seguridad.","og_url":"https:\/\/ofiwebemporda.com\/ca\/botiga\/","og_site_name":"Ofi-Web Empord\u00e0","article_modified_time":"2020-09-18T14:03:45+00:00","twitter_card":"summary_large_image","schema":{"@context":"https:\/\/schema.org","@graph":[{"@type":"WebPage","@id":"https:\/\/ofiwebemporda.com\/ca\/botiga\/","url":"https:\/\/ofiwebemporda.com\/ca\/botiga\/","name":"Botiga - Ofi-Web Empord\u00e0","isPartOf":{"@id":"https:\/\/grey-okapi-232881.hostingersite.com\/#website"},"datePublished":"2020-07-31T13:17:35+00:00","dateModified":"2020-09-18T14:03:45+00:00","description":"Empresa de Figueres dedicada a la productividad y rentabilidad empresarial, creamos p\u00e1ginas web, tiendas online, ofrecemos programas de gesti\u00f3n y seguridad.","breadcrumb":{"@id":"https:\/\/ofiwebemporda.com\/ca\/botiga\/#breadcrumb"},"inLanguage":"ca","potentialAction":[{"@type":"ReadAction","target":["https:\/\/ofiwebemporda.com\/ca\/botiga\/"]}]},{"@type":"BreadcrumbList","@id":"https:\/\/ofiwebemporda.com\/ca\/botiga\/#breadcrumb","itemListElement":[{"@type":"ListItem","position":1,"name":"Portada","item":"https:\/\/grey-okapi-232881.hostingersite.com\/ca\/"},{"@type":"ListItem","position":2,"name":"Botiga"}]},{"@type":"WebSite","@id":"https:\/\/grey-okapi-232881.hostingersite.com\/#website","url":"https:\/\/grey-okapi-232881.hostingersite.com\/","name":"Ofi-Web Empord\u00e0","description":"rentabilidad empresarial, distrito k, office 365, exchange, inform\u00e1tica 3, dise\u00f1o web, tiendas online, acronis, azure","publisher":{"@id":"https:\/\/grey-okapi-232881.hostingersite.com\/#organization"},"potentialAction":[{"@type":"SearchAction","target":{"@type":"EntryPoint","urlTemplate":"https:\/\/grey-okapi-232881.hostingersite.com\/?s={search_term_string}"},"query-input":{"@type":"PropertyValueSpecification","valueRequired":true,"valueName":"search_term_string"}}],"inLanguage":"ca"},{"@type":"Organization","@id":"https:\/\/grey-okapi-232881.hostingersite.com\/#organization","name":"Ofi-Web Empord\u00e0","url":"https:\/\/grey-okapi-232881.hostingersite.com\/","logo":{"@type":"ImageObject","inLanguage":"ca","@id":"https:\/\/grey-okapi-232881.hostingersite.com\/#\/schema\/logo\/image\/","url":"https:\/\/ofiwebemporda.com\/wp-content\/uploads\/2019\/09\/logo-ofiweb-blau2.png","contentUrl":"https:\/\/ofiwebemporda.com\/wp-content\/uploads\/2019\/09\/logo-ofiweb-blau2.png","width":433,"height":176,"caption":"Ofi-Web Empord\u00e0"},"image":{"@id":"https:\/\/grey-okapi-232881.hostingersite.com\/#\/schema\/logo\/image\/"}}]}},"_links":{"self":[{"href":"https:\/\/ofiwebemporda.com\/ca\/wp-json\/wp\/v2\/pages\/2035","targetHints":{"allow":["GET"]}}],"collection":[{"href":"https:\/\/ofiwebemporda.com\/ca\/wp-json\/wp\/v2\/pages"}],"about":[{"href":"https:\/\/ofiwebemporda.com\/ca\/wp-json\/wp\/v2\/types\/page"}],"author":[{"embeddable":true,"href":"https:\/\/ofiwebemporda.com\/ca\/wp-json\/wp\/v2\/users\/1"}],"replies":[{"embeddable":true,"href":"https:\/\/ofiwebemporda.com\/ca\/wp-json\/wp\/v2\/comments?post=2035"}],"version-history":[{"count":0,"href":"https:\/\/ofiwebemporda.com\/ca\/wp-json\/wp\/v2\/pages\/2035\/revisions"}],"wp:attachment":[{"href":"https:\/\/ofiwebemporda.com\/ca\/wp-json\/wp\/v2\/media?parent=2035"}],"curies":[{"name":"wp","href":"https:\/\/api.w.org\/{rel}","templated":true}]}}