{"id":2177,"date":"2020-09-08T08:58:20","date_gmt":"2020-09-08T06:58:20","guid":{"rendered":"https:\/\/ofiwebemporda.com\/devoluciones\/"},"modified":"2020-09-09T12:09:42","modified_gmt":"2020-09-09T10:09:42","slug":"devolucions","status":"publish","type":"page","link":"https:\/\/ofiwebemporda.com\/ca\/devolucions\/","title":{"rendered":"Devolucions"},"content":{"rendered":"\t\t<div data-elementor-type=\"wp-page\" data-elementor-id=\"2177\" class=\"elementor elementor-2177 elementor-2171\" data-elementor-post-type=\"page\">\n\t\t\t\t\t\t<section class=\"elementor-section elementor-top-section elementor-element elementor-element-395c9b8 elementor-section-height-min-height elementor-section-boxed elementor-section-height-default elementor-section-items-middle\" data-id=\"395c9b8\" data-element_type=\"section\" data-e-type=\"section\" data-settings=\"{&quot;background_background&quot;:&quot;classic&quot;}\">\n\t\t\t\t\t\t<div class=\"elementor-container elementor-column-gap-default\">\n\t\t\t\t\t<div class=\"elementor-column elementor-col-100 elementor-top-column elementor-element elementor-element-5b55e35\" data-id=\"5b55e35\" data-element_type=\"column\" data-e-type=\"column\">\n\t\t\t<div class=\"elementor-widget-wrap elementor-element-populated\">\n\t\t\t\t\t\t<div class=\"elementor-element elementor-element-74c93e2 elementor-widget elementor-widget-heading\" data-id=\"74c93e2\" data-element_type=\"widget\" data-e-type=\"widget\" data-widget_type=\"heading.default\">\n\t\t\t\t<div class=\"elementor-widget-container\">\n\t\t\t\t\t<h1 class=\"elementor-heading-title elementor-size-default\">Pol\u00edtica de devoluciones<\/h1>\t\t\t\t<\/div>\n\t\t\t\t<\/div>\n\t\t\t\t\t<\/div>\n\t\t<\/div>\n\t\t\t\t\t<\/div>\n\t\t<\/section>\n\t\t\t\t<section class=\"elementor-section elementor-top-section elementor-element elementor-element-74c54eb elementor-section-boxed elementor-section-height-default elementor-section-height-default\" data-id=\"74c54eb\" data-element_type=\"section\" data-e-type=\"section\">\n\t\t\t\t\t\t<div class=\"elementor-container elementor-column-gap-default\">\n\t\t\t\t\t<div class=\"elementor-column elementor-col-100 elementor-top-column elementor-element elementor-element-54d28aa\" data-id=\"54d28aa\" data-element_type=\"column\" data-e-type=\"column\">\n\t\t\t<div class=\"elementor-widget-wrap elementor-element-populated\">\n\t\t\t\t\t\t<div class=\"elementor-element elementor-element-af5b3b1 elementor-widget elementor-widget-text-editor\" data-id=\"af5b3b1\" data-element_type=\"widget\" data-e-type=\"widget\" data-widget_type=\"text-editor.default\">\n\t\t\t\t<div class=\"elementor-widget-container\">\n\t\t\t\t\t\t\t\t\t<p>La nostra pol\u00edtica de devoluci\u00f3 t\u00e9 una durada de 30 dies. Si 30 dies han passat des de la teva compra, per desgr\u00e0cia no podem oferir un reemborsament o canvi.<\/p><p>Per ser elegible una devoluci\u00f3 total no s&#8217;ha d&#8217;haver realitzat cap servei per la nostra part, en cas contrari es reemborsar\u00e0 la part no consumida del b\u00e9 o servei.<\/p><p>Per completar la teva devoluci\u00f3, requerim un rebut o prova de compra.<\/p><p>Reemborsaments (on apliqui)<\/p><p>Una vegada que la teva petici\u00f3 de devoluci\u00f3 \u00e9s rebuda i inspeccionada, enviarem un correu electr\u00f2nic per notificar-te com procedir. Tamb\u00e9 et notificarem l&#8217;aprovaci\u00f3 o rebuig del teu reemborsament.<\/p><p>Si ets aprovat, llavors el teu reemborsament ser\u00e0 processat i un cr\u00e8dit ser\u00e0 autom\u00e0ticament aplicat a la teva targeta de cr\u00e8dit o m\u00e8tode original de pagament, en una certa quantitat de dies.<\/p><p>Reemborsaments tardans o perduts (on apliqui)<\/p><p>Si encara no has rebut el teu reemborsament, si us plau comprova el teu compte bancari una altra vegada.<\/p><p>Despr\u00e9s contacta a la teva companyia de targeta de cr\u00e8dit, pot portar el seu temps abans que el teu reemborsament es postegi oficialment.<\/p><p>Pr\u00f2xim pas, contacte al teu banc. Sovint passa cert temps abans que el teu reemborsament aparegui reflectit.<\/p><p>Si has seguit tots aquests passos i encara no has rebut el reemborsament, si us plau contacta amb nosaltres a gestioweb@ofiwebemporda.com.<\/p><p>Articles en oferta (on apliqui)<\/p><p>Nom\u00e9s els articles a preu regular seran reemborsats, desafortunadament els productes en oferta no poden ser refundats.<\/p><p>Intercanvis (on apliqui)<\/p><p>Nom\u00e9s reemplacem articles que estiguin defectuosos o danyats. Si necessites canviar-ho pel mateix article, envia&#8217;ns un correu electr\u00f2nic a gestioweb@ofiwebemporda.com.<\/p>\t\t\t\t\t\t\t\t<\/div>\n\t\t\t\t<\/div>\n\t\t\t\t\t<\/div>\n\t\t<\/div>\n\t\t\t\t\t<\/div>\n\t\t<\/section>\n\t\t\t\t<\/div>\n\t\t","protected":false},"excerpt":{"rendered":"<p>Pol\u00edtica de devoluciones La nostra pol\u00edtica de devoluci\u00f3 t\u00e9 una durada de 30 dies. Si 30 dies han passat des de la teva compra, per desgr\u00e0cia no podem oferir un reemborsament o canvi. Per ser elegible una devoluci\u00f3 total no s&#8217;ha d&#8217;haver realitzat cap servei per la nostra part, en cas contrari es reemborsar\u00e0 la &#8230; <a title=\"Devolucions\" class=\"read-more\" href=\"https:\/\/ofiwebemporda.com\/ca\/devolucions\/\" aria-label=\"M\u00e9s informaci\u00f3 sobre Devolucions\">Llegiu m\u00e9s<\/a><\/p>\n","protected":false},"author":1,"featured_media":0,"parent":0,"menu_order":0,"comment_status":"closed","ping_status":"closed","template":"","meta":{"footnotes":""},"class_list":["post-2177","page","type-page","status-publish"],"yoast_head":"<!-- This site is optimized with the Yoast SEO plugin v27.6 - https:\/\/yoast.com\/product\/yoast-seo-wordpress\/ -->\n<title>Devolucions - Ofi-Web Empord\u00e0<\/title>\n<meta name=\"description\" content=\"Empresa de Figueres dedicada a la productividad y rentabilidad empresarial, creamos p\u00e1ginas web, tiendas online, ofrecemos programas de gesti\u00f3n y seguridad.\" \/>\n<meta name=\"robots\" content=\"index, follow, max-snippet:-1, max-image-preview:large, max-video-preview:-1\" \/>\n<link rel=\"canonical\" href=\"https:\/\/ofiwebemporda.com\/ca\/devolucions\/\" \/>\n<meta property=\"og:locale\" content=\"ca_ES\" \/>\n<meta property=\"og:type\" content=\"article\" \/>\n<meta property=\"og:title\" content=\"Devolucions - Ofi-Web Empord\u00e0\" \/>\n<meta property=\"og:description\" content=\"Empresa de Figueres dedicada a la productividad y rentabilidad empresarial, creamos p\u00e1ginas web, tiendas online, ofrecemos programas de gesti\u00f3n y seguridad.\" \/>\n<meta property=\"og:url\" content=\"https:\/\/ofiwebemporda.com\/ca\/devolucions\/\" \/>\n<meta property=\"og:site_name\" content=\"Ofi-Web Empord\u00e0\" \/>\n<meta property=\"article:modified_time\" content=\"2020-09-09T10:09:42+00:00\" \/>\n<meta name=\"twitter:card\" content=\"summary_large_image\" \/>\n<meta name=\"twitter:label1\" content=\"Temps estimat de lectura\" \/>\n\t<meta name=\"twitter:data1\" content=\"1 minut\" \/>\n<script type=\"application\/ld+json\" class=\"yoast-schema-graph\">{\"@context\":\"https:\\\/\\\/schema.org\",\"@graph\":[{\"@type\":\"WebPage\",\"@id\":\"https:\\\/\\\/ofiwebemporda.com\\\/ca\\\/devolucions\\\/\",\"url\":\"https:\\\/\\\/ofiwebemporda.com\\\/ca\\\/devolucions\\\/\",\"name\":\"Devolucions - Ofi-Web Empord\u00e0\",\"isPartOf\":{\"@id\":\"https:\\\/\\\/grey-okapi-232881.hostingersite.com\\\/#website\"},\"datePublished\":\"2020-09-08T06:58:20+00:00\",\"dateModified\":\"2020-09-09T10:09:42+00:00\",\"description\":\"Empresa de Figueres dedicada a la productividad y rentabilidad empresarial, creamos p\u00e1ginas web, tiendas online, ofrecemos programas de gesti\u00f3n y seguridad.\",\"breadcrumb\":{\"@id\":\"https:\\\/\\\/ofiwebemporda.com\\\/ca\\\/devolucions\\\/#breadcrumb\"},\"inLanguage\":\"ca\",\"potentialAction\":[{\"@type\":\"ReadAction\",\"target\":[\"https:\\\/\\\/ofiwebemporda.com\\\/ca\\\/devolucions\\\/\"]}]},{\"@type\":\"BreadcrumbList\",\"@id\":\"https:\\\/\\\/ofiwebemporda.com\\\/ca\\\/devolucions\\\/#breadcrumb\",\"itemListElement\":[{\"@type\":\"ListItem\",\"position\":1,\"name\":\"Portada\",\"item\":\"https:\\\/\\\/grey-okapi-232881.hostingersite.com\\\/ca\\\/\"},{\"@type\":\"ListItem\",\"position\":2,\"name\":\"Devolucions\"}]},{\"@type\":\"WebSite\",\"@id\":\"https:\\\/\\\/grey-okapi-232881.hostingersite.com\\\/#website\",\"url\":\"https:\\\/\\\/grey-okapi-232881.hostingersite.com\\\/\",\"name\":\"Ofi-Web Empord\u00e0\",\"description\":\"rentabilidad empresarial, distrito k, office 365, exchange, inform\u00e1tica 3, dise\u00f1o web, tiendas online, acronis, azure\",\"publisher\":{\"@id\":\"https:\\\/\\\/grey-okapi-232881.hostingersite.com\\\/#organization\"},\"potentialAction\":[{\"@type\":\"SearchAction\",\"target\":{\"@type\":\"EntryPoint\",\"urlTemplate\":\"https:\\\/\\\/grey-okapi-232881.hostingersite.com\\\/?s={search_term_string}\"},\"query-input\":{\"@type\":\"PropertyValueSpecification\",\"valueRequired\":true,\"valueName\":\"search_term_string\"}}],\"inLanguage\":\"ca\"},{\"@type\":\"Organization\",\"@id\":\"https:\\\/\\\/grey-okapi-232881.hostingersite.com\\\/#organization\",\"name\":\"Ofi-Web Empord\u00e0\",\"url\":\"https:\\\/\\\/grey-okapi-232881.hostingersite.com\\\/\",\"logo\":{\"@type\":\"ImageObject\",\"inLanguage\":\"ca\",\"@id\":\"https:\\\/\\\/grey-okapi-232881.hostingersite.com\\\/#\\\/schema\\\/logo\\\/image\\\/\",\"url\":\"https:\\\/\\\/ofiwebemporda.com\\\/wp-content\\\/uploads\\\/2019\\\/09\\\/logo-ofiweb-blau2.png\",\"contentUrl\":\"https:\\\/\\\/ofiwebemporda.com\\\/wp-content\\\/uploads\\\/2019\\\/09\\\/logo-ofiweb-blau2.png\",\"width\":433,\"height\":176,\"caption\":\"Ofi-Web Empord\u00e0\"},\"image\":{\"@id\":\"https:\\\/\\\/grey-okapi-232881.hostingersite.com\\\/#\\\/schema\\\/logo\\\/image\\\/\"}}]}<\/script>\n<!-- \/ Yoast SEO plugin. -->","yoast_head_json":{"title":"Devolucions - Ofi-Web Empord\u00e0","description":"Empresa de Figueres dedicada a la productividad y rentabilidad empresarial, creamos p\u00e1ginas web, tiendas online, ofrecemos programas de gesti\u00f3n y seguridad.","robots":{"index":"index","follow":"follow","max-snippet":"max-snippet:-1","max-image-preview":"max-image-preview:large","max-video-preview":"max-video-preview:-1"},"canonical":"https:\/\/ofiwebemporda.com\/ca\/devolucions\/","og_locale":"ca_ES","og_type":"article","og_title":"Devolucions - Ofi-Web Empord\u00e0","og_description":"Empresa de Figueres dedicada a la productividad y rentabilidad empresarial, creamos p\u00e1ginas web, tiendas online, ofrecemos programas de gesti\u00f3n y seguridad.","og_url":"https:\/\/ofiwebemporda.com\/ca\/devolucions\/","og_site_name":"Ofi-Web Empord\u00e0","article_modified_time":"2020-09-09T10:09:42+00:00","twitter_card":"summary_large_image","twitter_misc":{"Temps estimat de lectura":"1 minut"},"schema":{"@context":"https:\/\/schema.org","@graph":[{"@type":"WebPage","@id":"https:\/\/ofiwebemporda.com\/ca\/devolucions\/","url":"https:\/\/ofiwebemporda.com\/ca\/devolucions\/","name":"Devolucions - Ofi-Web Empord\u00e0","isPartOf":{"@id":"https:\/\/grey-okapi-232881.hostingersite.com\/#website"},"datePublished":"2020-09-08T06:58:20+00:00","dateModified":"2020-09-09T10:09:42+00:00","description":"Empresa de Figueres dedicada a la productividad y rentabilidad empresarial, creamos p\u00e1ginas web, tiendas online, ofrecemos programas de gesti\u00f3n y seguridad.","breadcrumb":{"@id":"https:\/\/ofiwebemporda.com\/ca\/devolucions\/#breadcrumb"},"inLanguage":"ca","potentialAction":[{"@type":"ReadAction","target":["https:\/\/ofiwebemporda.com\/ca\/devolucions\/"]}]},{"@type":"BreadcrumbList","@id":"https:\/\/ofiwebemporda.com\/ca\/devolucions\/#breadcrumb","itemListElement":[{"@type":"ListItem","position":1,"name":"Portada","item":"https:\/\/grey-okapi-232881.hostingersite.com\/ca\/"},{"@type":"ListItem","position":2,"name":"Devolucions"}]},{"@type":"WebSite","@id":"https:\/\/grey-okapi-232881.hostingersite.com\/#website","url":"https:\/\/grey-okapi-232881.hostingersite.com\/","name":"Ofi-Web Empord\u00e0","description":"rentabilidad empresarial, distrito k, office 365, exchange, inform\u00e1tica 3, dise\u00f1o web, tiendas online, acronis, azure","publisher":{"@id":"https:\/\/grey-okapi-232881.hostingersite.com\/#organization"},"potentialAction":[{"@type":"SearchAction","target":{"@type":"EntryPoint","urlTemplate":"https:\/\/grey-okapi-232881.hostingersite.com\/?s={search_term_string}"},"query-input":{"@type":"PropertyValueSpecification","valueRequired":true,"valueName":"search_term_string"}}],"inLanguage":"ca"},{"@type":"Organization","@id":"https:\/\/grey-okapi-232881.hostingersite.com\/#organization","name":"Ofi-Web Empord\u00e0","url":"https:\/\/grey-okapi-232881.hostingersite.com\/","logo":{"@type":"ImageObject","inLanguage":"ca","@id":"https:\/\/grey-okapi-232881.hostingersite.com\/#\/schema\/logo\/image\/","url":"https:\/\/ofiwebemporda.com\/wp-content\/uploads\/2019\/09\/logo-ofiweb-blau2.png","contentUrl":"https:\/\/ofiwebemporda.com\/wp-content\/uploads\/2019\/09\/logo-ofiweb-blau2.png","width":433,"height":176,"caption":"Ofi-Web Empord\u00e0"},"image":{"@id":"https:\/\/grey-okapi-232881.hostingersite.com\/#\/schema\/logo\/image\/"}}]}},"_links":{"self":[{"href":"https:\/\/ofiwebemporda.com\/ca\/wp-json\/wp\/v2\/pages\/2177","targetHints":{"allow":["GET"]}}],"collection":[{"href":"https:\/\/ofiwebemporda.com\/ca\/wp-json\/wp\/v2\/pages"}],"about":[{"href":"https:\/\/ofiwebemporda.com\/ca\/wp-json\/wp\/v2\/types\/page"}],"author":[{"embeddable":true,"href":"https:\/\/ofiwebemporda.com\/ca\/wp-json\/wp\/v2\/users\/1"}],"replies":[{"embeddable":true,"href":"https:\/\/ofiwebemporda.com\/ca\/wp-json\/wp\/v2\/comments?post=2177"}],"version-history":[{"count":0,"href":"https:\/\/ofiwebemporda.com\/ca\/wp-json\/wp\/v2\/pages\/2177\/revisions"}],"wp:attachment":[{"href":"https:\/\/ofiwebemporda.com\/ca\/wp-json\/wp\/v2\/media?parent=2177"}],"curies":[{"name":"wp","href":"https:\/\/api.w.org\/{rel}","templated":true}]}}