{"id":877,"date":"2019-10-02T14:36:50","date_gmt":"2019-10-02T12:36:50","guid":{"rendered":"https:\/\/ofiwebemporda.com\/contacte\/"},"modified":"2023-02-09T16:34:43","modified_gmt":"2023-02-09T15:34:43","slug":"contacte","status":"publish","type":"page","link":"https:\/\/ofiwebemporda.com\/ca\/contacte\/","title":{"rendered":"Contacte"},"content":{"rendered":"\t\t<div data-elementor-type=\"wp-page\" data-elementor-id=\"877\" class=\"elementor elementor-877 elementor-38\" data-elementor-post-type=\"page\">\n\t\t\t\t\t\t<section class=\"elementor-section elementor-top-section elementor-element elementor-element-3efcbe26 elementor-section-height-min-height elementor-section-boxed elementor-section-height-default elementor-section-items-middle\" data-id=\"3efcbe26\" data-element_type=\"section\" data-e-type=\"section\" data-settings=\"{&quot;background_background&quot;:&quot;classic&quot;}\">\n\t\t\t\t\t\t<div class=\"elementor-container elementor-column-gap-default\">\n\t\t\t\t\t<div class=\"elementor-column elementor-col-100 elementor-top-column elementor-element elementor-element-23f84af8\" data-id=\"23f84af8\" data-element_type=\"column\" data-e-type=\"column\">\n\t\t\t<div class=\"elementor-widget-wrap elementor-element-populated\">\n\t\t\t\t\t\t<div class=\"elementor-element elementor-element-ffcbb43 elementor-widget elementor-widget-heading\" data-id=\"ffcbb43\" data-element_type=\"widget\" data-e-type=\"widget\" data-widget_type=\"heading.default\">\n\t\t\t\t<div class=\"elementor-widget-container\">\n\t\t\t\t\t<h1 class=\"elementor-heading-title elementor-size-default\">Necessites ajuda?<\/h1>\t\t\t\t<\/div>\n\t\t\t\t<\/div>\n\t\t\t\t\t<\/div>\n\t\t<\/div>\n\t\t\t\t\t<\/div>\n\t\t<\/section>\n\t\t\t\t<section class=\"elementor-section elementor-top-section elementor-element elementor-element-963e3aa elementor-section-boxed elementor-section-height-default elementor-section-height-default\" data-id=\"963e3aa\" data-element_type=\"section\" data-e-type=\"section\">\n\t\t\t\t\t\t<div class=\"elementor-container elementor-column-gap-default\">\n\t\t\t\t\t<div class=\"elementor-column elementor-col-33 elementor-top-column elementor-element elementor-element-f0761df\" data-id=\"f0761df\" data-element_type=\"column\" data-e-type=\"column\">\n\t\t\t<div class=\"elementor-widget-wrap elementor-element-populated\">\n\t\t\t\t\t\t<div class=\"elementor-element elementor-element-1bac179 elementor-widget elementor-widget-heading\" data-id=\"1bac179\" data-element_type=\"widget\" data-e-type=\"widget\" data-widget_type=\"heading.default\">\n\t\t\t\t<div class=\"elementor-widget-container\">\n\t\t\t\t\t<h2 class=\"elementor-heading-title elementor-size-default\">Contacta\u2019ns<\/h2>\t\t\t\t<\/div>\n\t\t\t\t<\/div>\n\t\t\t\t<div class=\"elementor-element elementor-element-cb31912 elementor-position-inline-start elementor-view-default elementor-mobile-position-block-start elementor-widget elementor-widget-icon-box\" data-id=\"cb31912\" data-element_type=\"widget\" data-e-type=\"widget\" data-widget_type=\"icon-box.default\">\n\t\t\t\t<div class=\"elementor-widget-container\">\n\t\t\t\t\t\t\t<div class=\"elementor-icon-box-wrapper\">\n\n\t\t\t\t\t\t<div class=\"elementor-icon-box-icon\">\n\t\t\t\t<span  class=\"elementor-icon\">\n\t\t\t\t<i aria-hidden=\"true\" class=\"fas fa-phone-alt\"><\/i>\t\t\t\t<\/span>\n\t\t\t<\/div>\n\t\t\t\n\t\t\t\t\t\t<div class=\"elementor-icon-box-content\">\n\n\t\t\t\t\t\t\t\t\t<h3 class=\"elementor-icon-box-title\">\n\t\t\t\t\t\t<span  >\n\t\t\t\t\t\t\t972 51 02 74\t\t\t\t\t\t<\/span>\n\t\t\t\t\t<\/h3>\n\t\t\t\t\n\t\t\t\t\t\t\t\t\t<p class=\"elementor-icon-box-description\">\n\t\t\t\t\t\tTruca\u2019ns\t\t\t\t\t<\/p>\n\t\t\t\t\n\t\t\t<\/div>\n\t\t\t\n\t\t<\/div>\n\t\t\t\t\t\t<\/div>\n\t\t\t\t<\/div>\n\t\t\t\t<div class=\"elementor-element elementor-element-4c224a8 elementor-position-inline-start elementor-view-default elementor-mobile-position-block-start elementor-widget elementor-widget-icon-box\" data-id=\"4c224a8\" data-element_type=\"widget\" data-e-type=\"widget\" data-widget_type=\"icon-box.default\">\n\t\t\t\t<div class=\"elementor-widget-container\">\n\t\t\t\t\t\t\t<div class=\"elementor-icon-box-wrapper\">\n\n\t\t\t\t\t\t<div class=\"elementor-icon-box-icon\">\n\t\t\t\t<span  class=\"elementor-icon\">\n\t\t\t\t<i aria-hidden=\"true\" class=\"fas fa-map-marker-alt\"><\/i>\t\t\t\t<\/span>\n\t\t\t<\/div>\n\t\t\t\n\t\t\t\t\t\t<div class=\"elementor-icon-box-content\">\n\n\t\t\t\t\t\t\t\t\t<h3 class=\"elementor-icon-box-title\">\n\t\t\t\t\t\t<span  >\n\t\t\t\t\t\t\tOfi-Web\t\t\t\t\t\t<\/span>\n\t\t\t\t\t<\/h3>\n\t\t\t\t\n\t\t\t\t\t\t\t\t\t<p class=\"elementor-icon-box-description\">\n\t\t\t\t\t\t17600, Figueres\t\t\t\t\t<\/p>\n\t\t\t\t\n\t\t\t<\/div>\n\t\t\t\n\t\t<\/div>\n\t\t\t\t\t\t<\/div>\n\t\t\t\t<\/div>\n\t\t\t\t<div class=\"elementor-element elementor-element-a0a3565 elementor-mobile-align-center elementor-hidden-desktop elementor-hidden-tablet elementor-hidden-mobile elementor-widget elementor-widget-button\" data-id=\"a0a3565\" data-element_type=\"widget\" data-e-type=\"widget\" data-widget_type=\"button.default\">\n\t\t\t\t<div class=\"elementor-widget-container\">\n\t\t\t\t\t\t\t\t\t<div class=\"elementor-button-wrapper\">\n\t\t\t\t\t<a class=\"elementor-button elementor-button-link elementor-size-md\" href=\"https:\/\/www.google.com\/maps\/place\/Ofi-Web+Empord%C3%A0\/@42.2659592,2.9582701,17z\/data=!3m1!4b1!4m5!3m4!1s0x12ba8bf78b974459:0x8f5cf29902acd647!8m2!3d42.2659553!4d2.9604588\" target=\"_blank\">\n\t\t\t\t\t\t<span class=\"elementor-button-content-wrapper\">\n\t\t\t\t\t\t<span class=\"elementor-button-icon\">\n\t\t\t\t<i aria-hidden=\"true\" class=\"fas fa-arrow-circle-right\"><\/i>\t\t\t<\/span>\n\t\t\t\t\t\t\t\t\t<span class=\"elementor-button-text\">Anar a google maps<\/span>\n\t\t\t\t\t<\/span>\n\t\t\t\t\t<\/a>\n\t\t\t\t<\/div>\n\t\t\t\t\t\t\t\t<\/div>\n\t\t\t\t<\/div>\n\t\t\t\t\t<\/div>\n\t\t<\/div>\n\t\t\t\t<div class=\"elementor-column elementor-col-66 elementor-top-column elementor-element elementor-element-31e44eb\" data-id=\"31e44eb\" data-element_type=\"column\" data-e-type=\"column\" data-settings=\"{&quot;background_background&quot;:&quot;classic&quot;}\">\n\t\t\t<div class=\"elementor-widget-wrap elementor-element-populated\">\n\t\t\t\t\t\t<div class=\"elementor-element elementor-element-42a53dc elementor-widget elementor-widget-shortcode\" data-id=\"42a53dc\" data-element_type=\"widget\" data-e-type=\"widget\" data-widget_type=\"shortcode.default\">\n\t\t\t\t<div class=\"elementor-widget-container\">\n\t\t\t\t\t\t\t<div class=\"elementor-shortcode\">\n<div class=\"wpcf7 no-js\" id=\"wpcf7-f881-o1\" lang=\"ca-CA\" dir=\"ltr\" data-wpcf7-id=\"881\">\n<div class=\"screen-reader-response\"><p role=\"status\" aria-live=\"polite\" aria-atomic=\"true\"><\/p> <ul><\/ul><\/div>\n<form action=\"\/ca\/wp-json\/wp\/v2\/pages\/877#wpcf7-f881-o1\" method=\"post\" class=\"wpcf7-form init\" aria-label=\"Formulari de contacte\" novalidate=\"novalidate\" data-status=\"init\">\n<div style=\"display: none;\">\n<input type=\"hidden\" name=\"_wpcf7\" value=\"881\" \/>\n<input type=\"hidden\" name=\"_wpcf7_version\" value=\"6.0.3\" \/>\n<input type=\"hidden\" name=\"_wpcf7_locale\" value=\"ca_CA\" \/>\n<input type=\"hidden\" name=\"_wpcf7_unit_tag\" value=\"wpcf7-f881-o1\" \/>\n<input type=\"hidden\" name=\"_wpcf7_container_post\" value=\"0\" \/>\n<input type=\"hidden\" name=\"_wpcf7_posted_data_hash\" value=\"\" \/>\n<input type=\"hidden\" name=\"_wpcf7_recaptcha_response\" value=\"\" \/>\n<\/div>\n<h2 class=\"form-BorderBottom\">1. Explica'ns que necessites\n<\/h2>\n<p><span class=\"wpcf7-form-control-wrap\" data-name=\"textarea-751\"><textarea cols=\"40\" rows=\"10\" maxlength=\"2000\" class=\"wpcf7-form-control wpcf7-textarea wpcf7-validates-as-required\" aria-required=\"true\" aria-invalid=\"false\" placeholder=\"Descriu breument que necessites *\" name=\"textarea-751\"><\/textarea><\/span>\n<\/p>\n<h2 class=\"form-BorderBottom\">2. Deixa\u2019ns les teves dades de contacte\n<\/h2>\n<p>Necessitem les teves dades de contacte per poder-nos posar en contacte amb tu.\n<\/p>\n<p><span class=\"wpcf7-form-control-wrap\" data-name=\"your-name\"><input size=\"40\" maxlength=\"400\" class=\"wpcf7-form-control wpcf7-text wpcf7-validates-as-required inlineContact _50\" aria-required=\"true\" aria-invalid=\"false\" placeholder=\"El teu nom *\" value=\"\" type=\"text\" name=\"your-name\" \/><\/span><span class=\"wpcf7-form-control-wrap\" data-name=\"your-enterprise\"><input size=\"40\" maxlength=\"400\" class=\"wpcf7-form-control wpcf7-text wpcf7-validates-as-required inlineContact _50\" aria-required=\"true\" aria-invalid=\"false\" placeholder=\"La teva empresa *\" value=\"\" type=\"text\" name=\"your-enterprise\" \/><\/span>\n<\/p>\n<p><span class=\"wpcf7-form-control-wrap\" data-name=\"your-email\"><input size=\"40\" maxlength=\"400\" class=\"wpcf7-form-control wpcf7-email wpcf7-validates-as-required wpcf7-text wpcf7-validates-as-email inlineContact _50\" aria-required=\"true\" aria-invalid=\"false\" placeholder=\"El teu email *\" value=\"\" type=\"email\" name=\"your-email\" \/><\/span><span class=\"wpcf7-form-control-wrap\" data-name=\"tel-34\"><input size=\"40\" maxlength=\"400\" class=\"wpcf7-form-control wpcf7-tel wpcf7-validates-as-required wpcf7-text wpcf7-validates-as-tel inlineContact _50\" aria-required=\"true\" aria-invalid=\"false\" placeholder=\"Tel\u00e8fon de contacte v\u00e0lid *\" value=\"\" type=\"tel\" name=\"tel-34\" \/><\/span>\n<\/p>\n<h2 class=\"form-BorderBottom\">3. Accepta la pol\u00edtica de privacitat i condicions\n<\/h2>\n<p><span class=\"wpcf7-form-control-wrap\" data-name=\"checkbox-858\"><span class=\"wpcf7-form-control wpcf7-acceptance\"><span class=\"wpcf7-list-item\"><label><input type=\"checkbox\" name=\"checkbox-858\" value=\"1\" aria-invalid=\"false\" \/><span class=\"wpcf7-list-item-label\">ENTENC I ACCEPTO la <a target=\"_blank\" href=\"https:\/\/ofiwebemporda.com\/politica-de-privacidad\">pol\u00edtica de privacitat<\/a>. *<\/span><\/label><\/span><\/span><\/span><br \/>\n<span class=\"wpcf7-form-control-wrap\" data-name=\"accept-this-3\"><span class=\"wpcf7-form-control wpcf7-acceptance optional\"><span class=\"wpcf7-list-item\"><label><input type=\"checkbox\" name=\"accept-this-3\" value=\"1\" checked=\"checked\" aria-invalid=\"false\" \/><span class=\"wpcf7-list-item-label\">ENTENC I ACCEPTO rebre informaci\u00f3 de productes i serveis indicats en la <a target=\"_blank\" href=\"https:\/\/ofiwebemporda.com\/politica-de-privacidad#forms-policy\">pol\u00edtica de privacitat<\/a>.<\/span><\/label><\/span><\/span><\/span>\n<\/p>\n<p><input class=\"wpcf7-form-control wpcf7-submit has-spinner\" type=\"submit\" value=\"ENVIAR FORMULARI\" \/>\n<\/p><div class=\"wpcf7-response-output\" aria-hidden=\"true\"><\/div>\n<\/form>\n<\/div>\n<\/div>\n\t\t\t\t\t\t<\/div>\n\t\t\t\t<\/div>\n\t\t\t\t\t<\/div>\n\t\t<\/div>\n\t\t\t\t\t<\/div>\n\t\t<\/section>\n\t\t\t\t<section class=\"elementor-section elementor-top-section elementor-element elementor-element-8f7da9f elementor-section-full_width elementor-section-height-min-height elementor-section-stretched elementor-section-items-stretch elementor-hidden-desktop elementor-hidden-tablet elementor-hidden-mobile elementor-section-height-default\" data-id=\"8f7da9f\" data-element_type=\"section\" data-e-type=\"section\" data-settings=\"{&quot;stretch_section&quot;:&quot;section-stretched&quot;}\">\n\t\t\t\t\t\t<div class=\"elementor-container elementor-column-gap-no\">\n\t\t\t\t\t<div class=\"elementor-column elementor-col-100 elementor-top-column elementor-element elementor-element-8c73cec\" data-id=\"8c73cec\" data-element_type=\"column\" data-e-type=\"column\">\n\t\t\t<div class=\"elementor-widget-wrap elementor-element-populated\">\n\t\t\t\t\t\t<div class=\"elementor-element elementor-element-9392b72 elementor-widget elementor-widget-google_maps\" data-id=\"9392b72\" data-element_type=\"widget\" data-e-type=\"widget\" data-widget_type=\"google_maps.default\">\n\t\t\t\t<div class=\"elementor-widget-container\">\n\t\t\t\t\t\t\t<div class=\"elementor-custom-embed\">\n\t\t\t<iframe loading=\"lazy\"\n\t\t\t\t\tsrc=\"https:\/\/maps.google.com\/maps?q=rambla%2021%20figueres&#038;t=m&#038;z=18&#038;output=embed&#038;iwloc=near\"\n\t\t\t\t\ttitle=\"rambla 21 figueres\"\n\t\t\t\t\taria-label=\"rambla 21 figueres\"\n\t\t\t><\/iframe>\n\t\t<\/div>\n\t\t\t\t\t\t<\/div>\n\t\t\t\t<\/div>\n\t\t\t\t\t<\/div>\n\t\t<\/div>\n\t\t\t\t\t<\/div>\n\t\t<\/section>\n\t\t\t\t<section class=\"elementor-section elementor-top-section elementor-element elementor-element-d3cfef9 elementor-hidden-desktop elementor-hidden-tablet elementor-hidden-mobile elementor-section-boxed elementor-section-height-default elementor-section-height-default\" data-id=\"d3cfef9\" data-element_type=\"section\" data-e-type=\"section\" data-settings=\"{&quot;background_background&quot;:&quot;classic&quot;}\">\n\t\t\t\t\t\t<div class=\"elementor-container elementor-column-gap-default\">\n\t\t\t\t\t<div class=\"elementor-column elementor-col-100 elementor-top-column elementor-element elementor-element-ce0afdf\" data-id=\"ce0afdf\" data-element_type=\"column\" data-e-type=\"column\">\n\t\t\t<div class=\"elementor-widget-wrap elementor-element-populated\">\n\t\t\t\t\t\t<div class=\"elementor-element elementor-element-19a68a0 elementor-widget elementor-widget-heading\" data-id=\"19a68a0\" data-element_type=\"widget\" data-e-type=\"widget\" data-widget_type=\"heading.default\">\n\t\t\t\t<div class=\"elementor-widget-container\">\n\t\t\t\t\t<span class=\"elementor-heading-title elementor-size-small\">La Rambla 21, 17600 - Figueres<\/span>\t\t\t\t<\/div>\n\t\t\t\t<\/div>\n\t\t\t\t\t<\/div>\n\t\t<\/div>\n\t\t\t\t\t<\/div>\n\t\t<\/section>\n\t\t\t\t<\/div>\n\t\t","protected":false},"excerpt":{"rendered":"<p>Necessites ajuda? Contacta\u2019ns 972 51 02 74 Truca\u2019ns Ofi-Web 17600, Figueres Anar a google maps La Rambla 21, 17600 &#8211; Figueres<\/p>\n","protected":false},"author":1,"featured_media":0,"parent":0,"menu_order":0,"comment_status":"closed","ping_status":"closed","template":"","meta":{"footnotes":""},"class_list":["post-877","page","type-page","status-publish"],"yoast_head":"<!-- This site is optimized with the Yoast SEO plugin v27.5 - https:\/\/yoast.com\/product\/yoast-seo-wordpress\/ -->\n<title>Contacte - Ofi-Web Empord\u00e0<\/title>\n<meta name=\"description\" content=\"Contacte de l&#039;empresa Ofi-Web Empord\u00e0. Pots contactar per tel\u00e8fon, correu electr\u00f2nic o fisicament a Figueres.\" \/>\n<meta name=\"robots\" content=\"index, follow, max-snippet:-1, max-image-preview:large, max-video-preview:-1\" \/>\n<link rel=\"canonical\" href=\"https:\/\/ofiwebemporda.com\/ca\/contacte\/\" \/>\n<meta property=\"og:locale\" content=\"ca_ES\" \/>\n<meta property=\"og:type\" content=\"article\" \/>\n<meta property=\"og:title\" content=\"Contacte - Ofi-Web Empord\u00e0\" \/>\n<meta property=\"og:description\" content=\"Contacte de l&#039;empresa Ofi-Web Empord\u00e0. Pots contactar per tel\u00e8fon, correu electr\u00f2nic o fisicament a Figueres.\" \/>\n<meta property=\"og:url\" content=\"https:\/\/ofiwebemporda.com\/ca\/contacte\/\" \/>\n<meta property=\"og:site_name\" content=\"Ofi-Web Empord\u00e0\" \/>\n<meta property=\"article:modified_time\" content=\"2023-02-09T15:34:43+00:00\" \/>\n<meta name=\"twitter:card\" content=\"summary_large_image\" \/>\n<meta name=\"twitter:label1\" content=\"Temps estimat de lectura\" \/>\n\t<meta name=\"twitter:data1\" content=\"1 minut\" \/>\n<script type=\"application\/ld+json\" class=\"yoast-schema-graph\">{\"@context\":\"https:\\\/\\\/schema.org\",\"@graph\":[{\"@type\":\"WebPage\",\"@id\":\"https:\\\/\\\/ofiwebemporda.com\\\/ca\\\/contacte\\\/\",\"url\":\"https:\\\/\\\/ofiwebemporda.com\\\/ca\\\/contacte\\\/\",\"name\":\"Contacte - Ofi-Web Empord\u00e0\",\"isPartOf\":{\"@id\":\"https:\\\/\\\/grey-okapi-232881.hostingersite.com\\\/#website\"},\"datePublished\":\"2019-10-02T12:36:50+00:00\",\"dateModified\":\"2023-02-09T15:34:43+00:00\",\"description\":\"Contacte de l'empresa Ofi-Web Empord\u00e0. Pots contactar per tel\u00e8fon, correu electr\u00f2nic o fisicament a Figueres.\",\"breadcrumb\":{\"@id\":\"https:\\\/\\\/ofiwebemporda.com\\\/ca\\\/contacte\\\/#breadcrumb\"},\"inLanguage\":\"ca\",\"potentialAction\":[{\"@type\":\"ReadAction\",\"target\":[\"https:\\\/\\\/ofiwebemporda.com\\\/ca\\\/contacte\\\/\"]}]},{\"@type\":\"BreadcrumbList\",\"@id\":\"https:\\\/\\\/ofiwebemporda.com\\\/ca\\\/contacte\\\/#breadcrumb\",\"itemListElement\":[{\"@type\":\"ListItem\",\"position\":1,\"name\":\"Portada\",\"item\":\"https:\\\/\\\/grey-okapi-232881.hostingersite.com\\\/ca\\\/\"},{\"@type\":\"ListItem\",\"position\":2,\"name\":\"Contacte\"}]},{\"@type\":\"WebSite\",\"@id\":\"https:\\\/\\\/grey-okapi-232881.hostingersite.com\\\/#website\",\"url\":\"https:\\\/\\\/grey-okapi-232881.hostingersite.com\\\/\",\"name\":\"Ofi-Web Empord\u00e0\",\"description\":\"rentabilidad empresarial, distrito k, office 365, exchange, inform\u00e1tica 3, dise\u00f1o web, tiendas online, acronis, azure\",\"publisher\":{\"@id\":\"https:\\\/\\\/grey-okapi-232881.hostingersite.com\\\/#organization\"},\"potentialAction\":[{\"@type\":\"SearchAction\",\"target\":{\"@type\":\"EntryPoint\",\"urlTemplate\":\"https:\\\/\\\/grey-okapi-232881.hostingersite.com\\\/?s={search_term_string}\"},\"query-input\":{\"@type\":\"PropertyValueSpecification\",\"valueRequired\":true,\"valueName\":\"search_term_string\"}}],\"inLanguage\":\"ca\"},{\"@type\":\"Organization\",\"@id\":\"https:\\\/\\\/grey-okapi-232881.hostingersite.com\\\/#organization\",\"name\":\"Ofi-Web Empord\u00e0\",\"url\":\"https:\\\/\\\/grey-okapi-232881.hostingersite.com\\\/\",\"logo\":{\"@type\":\"ImageObject\",\"inLanguage\":\"ca\",\"@id\":\"https:\\\/\\\/grey-okapi-232881.hostingersite.com\\\/#\\\/schema\\\/logo\\\/image\\\/\",\"url\":\"https:\\\/\\\/ofiwebemporda.com\\\/wp-content\\\/uploads\\\/2019\\\/09\\\/logo-ofiweb-blau2.png\",\"contentUrl\":\"https:\\\/\\\/ofiwebemporda.com\\\/wp-content\\\/uploads\\\/2019\\\/09\\\/logo-ofiweb-blau2.png\",\"width\":433,\"height\":176,\"caption\":\"Ofi-Web Empord\u00e0\"},\"image\":{\"@id\":\"https:\\\/\\\/grey-okapi-232881.hostingersite.com\\\/#\\\/schema\\\/logo\\\/image\\\/\"}}]}<\/script>\n<!-- \/ Yoast SEO plugin. -->","yoast_head_json":{"title":"Contacte - Ofi-Web Empord\u00e0","description":"Contacte de l'empresa Ofi-Web Empord\u00e0. Pots contactar per tel\u00e8fon, correu electr\u00f2nic o fisicament a Figueres.","robots":{"index":"index","follow":"follow","max-snippet":"max-snippet:-1","max-image-preview":"max-image-preview:large","max-video-preview":"max-video-preview:-1"},"canonical":"https:\/\/ofiwebemporda.com\/ca\/contacte\/","og_locale":"ca_ES","og_type":"article","og_title":"Contacte - Ofi-Web Empord\u00e0","og_description":"Contacte de l'empresa Ofi-Web Empord\u00e0. Pots contactar per tel\u00e8fon, correu electr\u00f2nic o fisicament a Figueres.","og_url":"https:\/\/ofiwebemporda.com\/ca\/contacte\/","og_site_name":"Ofi-Web Empord\u00e0","article_modified_time":"2023-02-09T15:34:43+00:00","twitter_card":"summary_large_image","twitter_misc":{"Temps estimat de lectura":"1 minut"},"schema":{"@context":"https:\/\/schema.org","@graph":[{"@type":"WebPage","@id":"https:\/\/ofiwebemporda.com\/ca\/contacte\/","url":"https:\/\/ofiwebemporda.com\/ca\/contacte\/","name":"Contacte - Ofi-Web Empord\u00e0","isPartOf":{"@id":"https:\/\/grey-okapi-232881.hostingersite.com\/#website"},"datePublished":"2019-10-02T12:36:50+00:00","dateModified":"2023-02-09T15:34:43+00:00","description":"Contacte de l'empresa Ofi-Web Empord\u00e0. Pots contactar per tel\u00e8fon, correu electr\u00f2nic o fisicament a Figueres.","breadcrumb":{"@id":"https:\/\/ofiwebemporda.com\/ca\/contacte\/#breadcrumb"},"inLanguage":"ca","potentialAction":[{"@type":"ReadAction","target":["https:\/\/ofiwebemporda.com\/ca\/contacte\/"]}]},{"@type":"BreadcrumbList","@id":"https:\/\/ofiwebemporda.com\/ca\/contacte\/#breadcrumb","itemListElement":[{"@type":"ListItem","position":1,"name":"Portada","item":"https:\/\/grey-okapi-232881.hostingersite.com\/ca\/"},{"@type":"ListItem","position":2,"name":"Contacte"}]},{"@type":"WebSite","@id":"https:\/\/grey-okapi-232881.hostingersite.com\/#website","url":"https:\/\/grey-okapi-232881.hostingersite.com\/","name":"Ofi-Web Empord\u00e0","description":"rentabilidad empresarial, distrito k, office 365, exchange, inform\u00e1tica 3, dise\u00f1o web, tiendas online, acronis, azure","publisher":{"@id":"https:\/\/grey-okapi-232881.hostingersite.com\/#organization"},"potentialAction":[{"@type":"SearchAction","target":{"@type":"EntryPoint","urlTemplate":"https:\/\/grey-okapi-232881.hostingersite.com\/?s={search_term_string}"},"query-input":{"@type":"PropertyValueSpecification","valueRequired":true,"valueName":"search_term_string"}}],"inLanguage":"ca"},{"@type":"Organization","@id":"https:\/\/grey-okapi-232881.hostingersite.com\/#organization","name":"Ofi-Web Empord\u00e0","url":"https:\/\/grey-okapi-232881.hostingersite.com\/","logo":{"@type":"ImageObject","inLanguage":"ca","@id":"https:\/\/grey-okapi-232881.hostingersite.com\/#\/schema\/logo\/image\/","url":"https:\/\/ofiwebemporda.com\/wp-content\/uploads\/2019\/09\/logo-ofiweb-blau2.png","contentUrl":"https:\/\/ofiwebemporda.com\/wp-content\/uploads\/2019\/09\/logo-ofiweb-blau2.png","width":433,"height":176,"caption":"Ofi-Web Empord\u00e0"},"image":{"@id":"https:\/\/grey-okapi-232881.hostingersite.com\/#\/schema\/logo\/image\/"}}]}},"_links":{"self":[{"href":"https:\/\/ofiwebemporda.com\/ca\/wp-json\/wp\/v2\/pages\/877","targetHints":{"allow":["GET"]}}],"collection":[{"href":"https:\/\/ofiwebemporda.com\/ca\/wp-json\/wp\/v2\/pages"}],"about":[{"href":"https:\/\/ofiwebemporda.com\/ca\/wp-json\/wp\/v2\/types\/page"}],"author":[{"embeddable":true,"href":"https:\/\/ofiwebemporda.com\/ca\/wp-json\/wp\/v2\/users\/1"}],"replies":[{"embeddable":true,"href":"https:\/\/ofiwebemporda.com\/ca\/wp-json\/wp\/v2\/comments?post=877"}],"version-history":[{"count":0,"href":"https:\/\/ofiwebemporda.com\/ca\/wp-json\/wp\/v2\/pages\/877\/revisions"}],"wp:attachment":[{"href":"https:\/\/ofiwebemporda.com\/ca\/wp-json\/wp\/v2\/media?parent=877"}],"curies":[{"name":"wp","href":"https:\/\/api.w.org\/{rel}","templated":true}]}}