{"id":879,"date":"2019-10-02T14:38:09","date_gmt":"2019-10-02T12:38:09","guid":{"rendered":"https:\/\/ofiwebemporda.com\/pressupost\/"},"modified":"2022-03-23T10:15:59","modified_gmt":"2022-03-23T09:15:59","slug":"pressupost","status":"publish","type":"page","link":"https:\/\/ofiwebemporda.com\/ca\/pressupost\/","title":{"rendered":"Pressupost"},"content":{"rendered":"\t\t<div data-elementor-type=\"wp-page\" data-elementor-id=\"879\" class=\"elementor elementor-879 elementor-62\" data-elementor-post-type=\"page\">\n\t\t\t\t\t\t<section class=\"elementor-section elementor-top-section elementor-element elementor-element-15153afe elementor-section-height-min-height elementor-section-boxed elementor-section-height-default elementor-section-items-middle\" data-id=\"15153afe\" data-element_type=\"section\" data-e-type=\"section\" data-settings=\"{&quot;background_background&quot;:&quot;classic&quot;}\">\n\t\t\t\t\t\t<div class=\"elementor-container elementor-column-gap-default\">\n\t\t\t\t\t<div class=\"elementor-column elementor-col-100 elementor-top-column elementor-element elementor-element-79d87b0d\" data-id=\"79d87b0d\" data-element_type=\"column\" data-e-type=\"column\">\n\t\t\t<div class=\"elementor-widget-wrap elementor-element-populated\">\n\t\t\t\t\t\t<div class=\"elementor-element elementor-element-538f474a elementor-widget elementor-widget-heading\" data-id=\"538f474a\" data-element_type=\"widget\" data-e-type=\"widget\" data-widget_type=\"heading.default\">\n\t\t\t\t<div class=\"elementor-widget-container\">\n\t\t\t\t\t<h1 class=\"elementor-heading-title elementor-size-default\">Demana'ns un pressupost<\/h1>\t\t\t\t<\/div>\n\t\t\t\t<\/div>\n\t\t\t\t\t<\/div>\n\t\t<\/div>\n\t\t\t\t\t<\/div>\n\t\t<\/section>\n\t\t\t\t<section class=\"elementor-section elementor-top-section elementor-element elementor-element-9a3f5aa elementor-section-boxed elementor-section-height-default elementor-section-height-default\" data-id=\"9a3f5aa\" data-element_type=\"section\" data-e-type=\"section\">\n\t\t\t\t\t\t<div class=\"elementor-container elementor-column-gap-default\">\n\t\t\t\t\t<div class=\"elementor-column elementor-col-100 elementor-top-column elementor-element elementor-element-7f697a6\" data-id=\"7f697a6\" data-element_type=\"column\" data-e-type=\"column\" data-settings=\"{&quot;background_background&quot;:&quot;classic&quot;}\">\n\t\t\t<div class=\"elementor-widget-wrap elementor-element-populated\">\n\t\t\t\t\t\t<div class=\"elementor-element elementor-element-f6d55ab elementor-widget elementor-widget-shortcode\" data-id=\"f6d55ab\" data-element_type=\"widget\" data-e-type=\"widget\" data-widget_type=\"shortcode.default\">\n\t\t\t\t<div class=\"elementor-widget-container\">\n\t\t\t\t\t\t\t<div class=\"elementor-shortcode\">\n<div class=\"wpcf7 no-js\" id=\"wpcf7-f882-o1\" lang=\"ca-CA\" dir=\"ltr\" data-wpcf7-id=\"882\">\n<div class=\"screen-reader-response\"><p role=\"status\" aria-live=\"polite\" aria-atomic=\"true\"><\/p> <ul><\/ul><\/div>\n<form action=\"\/ca\/wp-json\/wp\/v2\/pages\/879#wpcf7-f882-o1\" method=\"post\" class=\"wpcf7-form init\" aria-label=\"Formulari de contacte\" novalidate=\"novalidate\" data-status=\"init\">\n<div style=\"display: none;\">\n<input type=\"hidden\" name=\"_wpcf7\" value=\"882\" \/>\n<input type=\"hidden\" name=\"_wpcf7_version\" value=\"6.0.3\" \/>\n<input type=\"hidden\" name=\"_wpcf7_locale\" value=\"ca_CA\" \/>\n<input type=\"hidden\" name=\"_wpcf7_unit_tag\" value=\"wpcf7-f882-o1\" \/>\n<input type=\"hidden\" name=\"_wpcf7_container_post\" value=\"0\" \/>\n<input type=\"hidden\" name=\"_wpcf7_posted_data_hash\" value=\"\" \/>\n<input type=\"hidden\" name=\"_wpcf7_recaptcha_response\" value=\"\" \/>\n<\/div>\n<h2 class=\"form-BorderBottom\">1. En quin servei est\u00e0s interessat?\n<\/h2>\n<p><span class=\"wpcf7-form-control-wrap\" data-name=\"class:_1\"><span class=\"wpcf7-form-control wpcf7-checkbox wpcf7-validates-as-required form-checkboxContainer\"><span class=\"wpcf7-list-item first\"><input type=\"checkbox\" name=\"class:_1[]\" value=\"Web Corporativa\" \/><span class=\"wpcf7-list-item-label\">Web Corporativa<\/span><\/span><span class=\"wpcf7-list-item\"><input type=\"checkbox\" name=\"class:_1[]\" value=\"Botiga Online\" \/><span class=\"wpcf7-list-item-label\">Botiga Online<\/span><\/span><span class=\"wpcf7-list-item\"><input type=\"checkbox\" name=\"class:_1[]\" value=\"C\u00f2pies de Seguretat\" \/><span class=\"wpcf7-list-item-label\">C\u00f2pies de Seguretat<\/span><\/span><span class=\"wpcf7-list-item last\"><input type=\"checkbox\" name=\"class:_1[]\" value=\"Microsoft Office 365\" \/><span class=\"wpcf7-list-item-label\">Microsoft Office 365<\/span><\/span><\/span><\/span>\n<\/p>\n<h2 class=\"form-BorderBottom\">2. Descriu breument que necessites\n<\/h2>\n<p><span class=\"wpcf7-form-control-wrap\" data-name=\"textarea-751\"><textarea cols=\"40\" rows=\"10\" maxlength=\"2000\" class=\"wpcf7-form-control wpcf7-textarea wpcf7-validates-as-required\" aria-required=\"true\" aria-invalid=\"false\" placeholder=\"Descriu breument que necessites *\" name=\"textarea-751\"><\/textarea><\/span>\n<\/p>\n<h2 class=\"form-BorderBottom\">3. Deixa\u2019ns les teves dades de contacte\n<\/h2>\n<p>Necessitem les teves dades de contacte per trucar-te si tenim algun dubte i per enviar-te el pressupost en quant el tinguem a punt.\n<\/p>\n<p><span class=\"wpcf7-form-control-wrap\" data-name=\"your-name\"><input size=\"40\" maxlength=\"400\" class=\"wpcf7-form-control wpcf7-text wpcf7-validates-as-required inlineContact _50\" aria-required=\"true\" aria-invalid=\"false\" placeholder=\"El teu nom *\" value=\"\" type=\"text\" name=\"your-name\" \/><\/span><span class=\"wpcf7-form-control-wrap\" data-name=\"your-enterprise\"><input size=\"40\" maxlength=\"400\" class=\"wpcf7-form-control wpcf7-text wpcf7-validates-as-required inlineContact _50\" aria-required=\"true\" aria-invalid=\"false\" placeholder=\"La teva empresa *\" value=\"\" type=\"text\" name=\"your-enterprise\" \/><\/span>\n<\/p>\n<p><span class=\"wpcf7-form-control-wrap\" data-name=\"your-email\"><input size=\"40\" maxlength=\"400\" class=\"wpcf7-form-control wpcf7-email wpcf7-validates-as-required wpcf7-text wpcf7-validates-as-email inlineContact _50\" aria-required=\"true\" aria-invalid=\"false\" placeholder=\"El teu email *\" value=\"\" type=\"email\" name=\"your-email\" \/><\/span><span class=\"wpcf7-form-control-wrap\" data-name=\"tel-34\"><input size=\"40\" maxlength=\"400\" class=\"wpcf7-form-control wpcf7-tel wpcf7-validates-as-required wpcf7-text wpcf7-validates-as-tel inlineContact _50\" aria-required=\"true\" aria-invalid=\"false\" placeholder=\"Tel\u00e8fon de contacte v\u00e0lid *\" value=\"\" type=\"tel\" name=\"tel-34\" \/><\/span>\n<\/p>\n<h2 class=\"form-BorderBottom\">4. Acepta la pol\u00edtica de privacidad y condiciones\n<\/h2>\n<p><span class=\"wpcf7-form-control-wrap\" data-name=\"checkbox-858\"><span class=\"wpcf7-form-control wpcf7-acceptance\"><span class=\"wpcf7-list-item\"><label><input type=\"checkbox\" name=\"checkbox-858\" value=\"1\" aria-invalid=\"false\" \/><span class=\"wpcf7-list-item-label\">ENTENC I ACCEPTO la <a target=\"_blank\" href=\"https:\/\/ofiwebemporda.com\/politica-de-privacidad\">pol\u00edtica de privacitat<\/a>. *<\/span><\/label><\/span><\/span><\/span><br \/>\n<span class=\"wpcf7-form-control-wrap\" data-name=\"accept-this-3\"><span class=\"wpcf7-form-control wpcf7-acceptance optional\"><span class=\"wpcf7-list-item\"><label><input type=\"checkbox\" name=\"accept-this-3\" value=\"1\" checked=\"checked\" aria-invalid=\"false\" \/><span class=\"wpcf7-list-item-label\">ENTENC I ACCEPTO rebre informaci\u00f3 de productes i serveis indicats en la <a target=\"_blank\" href=\"https:\/\/ofiwebemporda.com\/politica-de-privacidad#forms-policy\">pol\u00edtica de privacitat<\/a>.<\/span><\/label><\/span><\/span><\/span>\n<\/p>\n<p><input class=\"wpcf7-form-control wpcf7-submit has-spinner\" type=\"submit\" value=\"PEDIR PRESUPUESTO\" \/>\n<\/p><div class=\"wpcf7-response-output\" aria-hidden=\"true\"><\/div>\n<\/form>\n<\/div>\n<\/div>\n\t\t\t\t\t\t<\/div>\n\t\t\t\t<\/div>\n\t\t\t\t\t<\/div>\n\t\t<\/div>\n\t\t\t\t\t<\/div>\n\t\t<\/section>\n\t\t\t\t<section class=\"elementor-section elementor-top-section elementor-element elementor-element-389bfcb elementor-section-boxed elementor-section-height-default elementor-section-height-default\" data-id=\"389bfcb\" data-element_type=\"section\" data-e-type=\"section\">\n\t\t\t\t\t\t<div class=\"elementor-container elementor-column-gap-default\">\n\t\t\t\t\t<div class=\"elementor-column elementor-col-100 elementor-top-column elementor-element elementor-element-99beecd\" data-id=\"99beecd\" data-element_type=\"column\" data-e-type=\"column\">\n\t\t\t<div class=\"elementor-widget-wrap elementor-element-populated\">\n\t\t\t\t\t\t<div class=\"elementor-element elementor-element-e0508e8 elementor-widget elementor-widget-spacer\" data-id=\"e0508e8\" data-element_type=\"widget\" data-e-type=\"widget\" data-widget_type=\"spacer.default\">\n\t\t\t\t<div class=\"elementor-widget-container\">\n\t\t\t\t\t\t\t<div class=\"elementor-spacer\">\n\t\t\t<div class=\"elementor-spacer-inner\"><\/div>\n\t\t<\/div>\n\t\t\t\t\t\t<\/div>\n\t\t\t\t<\/div>\n\t\t\t\t\t<\/div>\n\t\t<\/div>\n\t\t\t\t\t<\/div>\n\t\t<\/section>\n\t\t\t\t<\/div>\n\t\t","protected":false},"excerpt":{"rendered":"<p>Demana&#8217;ns un pressupost<\/p>\n","protected":false},"author":1,"featured_media":0,"parent":0,"menu_order":0,"comment_status":"closed","ping_status":"closed","template":"","meta":{"footnotes":""},"class_list":["post-879","page","type-page","status-publish"],"yoast_head":"<!-- This site is optimized with the Yoast SEO plugin v27.5 - https:\/\/yoast.com\/product\/yoast-seo-wordpress\/ -->\n<title>Pressupost per p\u00e0gina web a Figueres - Ofi-Web Empord\u00e0<\/title>\n<meta name=\"description\" content=\"Pressupost per a p\u00e0gines web a Figueres, botigues online, seguretat inform\u00e0tica i gesti\u00f3 empresarial. Pressupost escho a mida per a cada client.\" \/>\n<meta name=\"robots\" content=\"index, follow, max-snippet:-1, max-image-preview:large, max-video-preview:-1\" \/>\n<link rel=\"canonical\" href=\"https:\/\/ofiwebemporda.com\/ca\/pressupost\/\" \/>\n<meta property=\"og:locale\" content=\"ca_ES\" \/>\n<meta property=\"og:type\" content=\"article\" \/>\n<meta property=\"og:title\" content=\"Pressupost per p\u00e0gina web a Figueres - Ofi-Web Empord\u00e0\" \/>\n<meta property=\"og:description\" content=\"Pressupost per a p\u00e0gines web a Figueres, botigues online, seguretat inform\u00e0tica i gesti\u00f3 empresarial. Pressupost escho a mida per a cada client.\" \/>\n<meta property=\"og:url\" content=\"https:\/\/ofiwebemporda.com\/ca\/pressupost\/\" \/>\n<meta property=\"og:site_name\" content=\"Ofi-Web Empord\u00e0\" \/>\n<meta property=\"article:modified_time\" content=\"2022-03-23T09:15:59+00:00\" \/>\n<meta name=\"twitter:card\" content=\"summary_large_image\" \/>\n<meta name=\"twitter:label1\" content=\"Temps estimat de lectura\" \/>\n\t<meta name=\"twitter:data1\" content=\"1 minut\" \/>\n<script type=\"application\/ld+json\" class=\"yoast-schema-graph\">{\"@context\":\"https:\\\/\\\/schema.org\",\"@graph\":[{\"@type\":\"WebPage\",\"@id\":\"https:\\\/\\\/ofiwebemporda.com\\\/ca\\\/pressupost\\\/\",\"url\":\"https:\\\/\\\/ofiwebemporda.com\\\/ca\\\/pressupost\\\/\",\"name\":\"Pressupost per p\u00e0gina web a Figueres - Ofi-Web Empord\u00e0\",\"isPartOf\":{\"@id\":\"https:\\\/\\\/grey-okapi-232881.hostingersite.com\\\/#website\"},\"datePublished\":\"2019-10-02T12:38:09+00:00\",\"dateModified\":\"2022-03-23T09:15:59+00:00\",\"description\":\"Pressupost per a p\u00e0gines web a Figueres, botigues online, seguretat inform\u00e0tica i gesti\u00f3 empresarial. Pressupost escho a mida per a cada client.\",\"breadcrumb\":{\"@id\":\"https:\\\/\\\/ofiwebemporda.com\\\/ca\\\/pressupost\\\/#breadcrumb\"},\"inLanguage\":\"ca\",\"potentialAction\":[{\"@type\":\"ReadAction\",\"target\":[\"https:\\\/\\\/ofiwebemporda.com\\\/ca\\\/pressupost\\\/\"]}]},{\"@type\":\"BreadcrumbList\",\"@id\":\"https:\\\/\\\/ofiwebemporda.com\\\/ca\\\/pressupost\\\/#breadcrumb\",\"itemListElement\":[{\"@type\":\"ListItem\",\"position\":1,\"name\":\"Portada\",\"item\":\"https:\\\/\\\/grey-okapi-232881.hostingersite.com\\\/ca\\\/\"},{\"@type\":\"ListItem\",\"position\":2,\"name\":\"Pressupost\"}]},{\"@type\":\"WebSite\",\"@id\":\"https:\\\/\\\/grey-okapi-232881.hostingersite.com\\\/#website\",\"url\":\"https:\\\/\\\/grey-okapi-232881.hostingersite.com\\\/\",\"name\":\"Ofi-Web Empord\u00e0\",\"description\":\"rentabilidad empresarial, distrito k, office 365, exchange, inform\u00e1tica 3, dise\u00f1o web, tiendas online, acronis, azure\",\"publisher\":{\"@id\":\"https:\\\/\\\/grey-okapi-232881.hostingersite.com\\\/#organization\"},\"potentialAction\":[{\"@type\":\"SearchAction\",\"target\":{\"@type\":\"EntryPoint\",\"urlTemplate\":\"https:\\\/\\\/grey-okapi-232881.hostingersite.com\\\/?s={search_term_string}\"},\"query-input\":{\"@type\":\"PropertyValueSpecification\",\"valueRequired\":true,\"valueName\":\"search_term_string\"}}],\"inLanguage\":\"ca\"},{\"@type\":\"Organization\",\"@id\":\"https:\\\/\\\/grey-okapi-232881.hostingersite.com\\\/#organization\",\"name\":\"Ofi-Web Empord\u00e0\",\"url\":\"https:\\\/\\\/grey-okapi-232881.hostingersite.com\\\/\",\"logo\":{\"@type\":\"ImageObject\",\"inLanguage\":\"ca\",\"@id\":\"https:\\\/\\\/grey-okapi-232881.hostingersite.com\\\/#\\\/schema\\\/logo\\\/image\\\/\",\"url\":\"https:\\\/\\\/ofiwebemporda.com\\\/wp-content\\\/uploads\\\/2019\\\/09\\\/logo-ofiweb-blau2.png\",\"contentUrl\":\"https:\\\/\\\/ofiwebemporda.com\\\/wp-content\\\/uploads\\\/2019\\\/09\\\/logo-ofiweb-blau2.png\",\"width\":433,\"height\":176,\"caption\":\"Ofi-Web Empord\u00e0\"},\"image\":{\"@id\":\"https:\\\/\\\/grey-okapi-232881.hostingersite.com\\\/#\\\/schema\\\/logo\\\/image\\\/\"}}]}<\/script>\n<!-- \/ Yoast SEO plugin. -->","yoast_head_json":{"title":"Pressupost per p\u00e0gina web a Figueres - Ofi-Web Empord\u00e0","description":"Pressupost per a p\u00e0gines web a Figueres, botigues online, seguretat inform\u00e0tica i gesti\u00f3 empresarial. Pressupost escho a mida per a cada client.","robots":{"index":"index","follow":"follow","max-snippet":"max-snippet:-1","max-image-preview":"max-image-preview:large","max-video-preview":"max-video-preview:-1"},"canonical":"https:\/\/ofiwebemporda.com\/ca\/pressupost\/","og_locale":"ca_ES","og_type":"article","og_title":"Pressupost per p\u00e0gina web a Figueres - Ofi-Web Empord\u00e0","og_description":"Pressupost per a p\u00e0gines web a Figueres, botigues online, seguretat inform\u00e0tica i gesti\u00f3 empresarial. Pressupost escho a mida per a cada client.","og_url":"https:\/\/ofiwebemporda.com\/ca\/pressupost\/","og_site_name":"Ofi-Web Empord\u00e0","article_modified_time":"2022-03-23T09:15:59+00:00","twitter_card":"summary_large_image","twitter_misc":{"Temps estimat de lectura":"1 minut"},"schema":{"@context":"https:\/\/schema.org","@graph":[{"@type":"WebPage","@id":"https:\/\/ofiwebemporda.com\/ca\/pressupost\/","url":"https:\/\/ofiwebemporda.com\/ca\/pressupost\/","name":"Pressupost per p\u00e0gina web a Figueres - Ofi-Web Empord\u00e0","isPartOf":{"@id":"https:\/\/grey-okapi-232881.hostingersite.com\/#website"},"datePublished":"2019-10-02T12:38:09+00:00","dateModified":"2022-03-23T09:15:59+00:00","description":"Pressupost per a p\u00e0gines web a Figueres, botigues online, seguretat inform\u00e0tica i gesti\u00f3 empresarial. Pressupost escho a mida per a cada client.","breadcrumb":{"@id":"https:\/\/ofiwebemporda.com\/ca\/pressupost\/#breadcrumb"},"inLanguage":"ca","potentialAction":[{"@type":"ReadAction","target":["https:\/\/ofiwebemporda.com\/ca\/pressupost\/"]}]},{"@type":"BreadcrumbList","@id":"https:\/\/ofiwebemporda.com\/ca\/pressupost\/#breadcrumb","itemListElement":[{"@type":"ListItem","position":1,"name":"Portada","item":"https:\/\/grey-okapi-232881.hostingersite.com\/ca\/"},{"@type":"ListItem","position":2,"name":"Pressupost"}]},{"@type":"WebSite","@id":"https:\/\/grey-okapi-232881.hostingersite.com\/#website","url":"https:\/\/grey-okapi-232881.hostingersite.com\/","name":"Ofi-Web Empord\u00e0","description":"rentabilidad empresarial, distrito k, office 365, exchange, inform\u00e1tica 3, dise\u00f1o web, tiendas online, acronis, azure","publisher":{"@id":"https:\/\/grey-okapi-232881.hostingersite.com\/#organization"},"potentialAction":[{"@type":"SearchAction","target":{"@type":"EntryPoint","urlTemplate":"https:\/\/grey-okapi-232881.hostingersite.com\/?s={search_term_string}"},"query-input":{"@type":"PropertyValueSpecification","valueRequired":true,"valueName":"search_term_string"}}],"inLanguage":"ca"},{"@type":"Organization","@id":"https:\/\/grey-okapi-232881.hostingersite.com\/#organization","name":"Ofi-Web Empord\u00e0","url":"https:\/\/grey-okapi-232881.hostingersite.com\/","logo":{"@type":"ImageObject","inLanguage":"ca","@id":"https:\/\/grey-okapi-232881.hostingersite.com\/#\/schema\/logo\/image\/","url":"https:\/\/ofiwebemporda.com\/wp-content\/uploads\/2019\/09\/logo-ofiweb-blau2.png","contentUrl":"https:\/\/ofiwebemporda.com\/wp-content\/uploads\/2019\/09\/logo-ofiweb-blau2.png","width":433,"height":176,"caption":"Ofi-Web Empord\u00e0"},"image":{"@id":"https:\/\/grey-okapi-232881.hostingersite.com\/#\/schema\/logo\/image\/"}}]}},"_links":{"self":[{"href":"https:\/\/ofiwebemporda.com\/ca\/wp-json\/wp\/v2\/pages\/879","targetHints":{"allow":["GET"]}}],"collection":[{"href":"https:\/\/ofiwebemporda.com\/ca\/wp-json\/wp\/v2\/pages"}],"about":[{"href":"https:\/\/ofiwebemporda.com\/ca\/wp-json\/wp\/v2\/types\/page"}],"author":[{"embeddable":true,"href":"https:\/\/ofiwebemporda.com\/ca\/wp-json\/wp\/v2\/users\/1"}],"replies":[{"embeddable":true,"href":"https:\/\/ofiwebemporda.com\/ca\/wp-json\/wp\/v2\/comments?post=879"}],"version-history":[{"count":0,"href":"https:\/\/ofiwebemporda.com\/ca\/wp-json\/wp\/v2\/pages\/879\/revisions"}],"wp:attachment":[{"href":"https:\/\/ofiwebemporda.com\/ca\/wp-json\/wp\/v2\/media?parent=879"}],"curies":[{"name":"wp","href":"https:\/\/api.w.org\/{rel}","templated":true}]}}